{"id":1243,"date":"2020-08-21T05:37:21","date_gmt":"2020-08-21T05:37:21","guid":{"rendered":"http:\/\/ninzio.com\/byron\/?page_id=1243"},"modified":"2025-05-15T11:54:46","modified_gmt":"2025-05-15T11:54:46","slug":"projekti","status":"publish","type":"page","link":"https:\/\/novisjajzadar.hr\/en\/projekti\/","title":{"rendered":"Projects"},"content":{"rendered":"<div data-elementor-type=\"wp-page\" data-elementor-id=\"1243\" class=\"elementor elementor-1243\" data-elementor-post-type=\"page\">\n\t\t\t\t\t\t<section class=\"elementor-section elementor-top-section elementor-element elementor-element-97eae11 elementor-section-stretched elementor-section-full_width elementor-section-height-default elementor-section-height-default\" data-id=\"97eae11\" data-element_type=\"section\" data-settings=\"{&quot;stretch_section&quot;:&quot;section-stretched&quot;,&quot;background_background&quot;:&quot;classic&quot;}\">\n\t\t\t\t\t\t<div class=\"elementor-container elementor-column-gap-default\">\n\t\t\t\t\t<div class=\"elementor-column elementor-col-100 elementor-top-column elementor-element elementor-element-e75bd14\" data-id=\"e75bd14\" data-element_type=\"column\">\n\t\t\t<div class=\"elementor-widget-wrap elementor-element-populated\">\n\t\t\t\t\t\t<div class=\"elementor-element elementor-element-ab8631b elementor-widget elementor-widget-spacer\" data-id=\"ab8631b\" data-element_type=\"widget\" data-widget_type=\"spacer.default\">\n\t\t\t\t<div class=\"elementor-widget-container\">\n\t\t\t\t\t\t\t<div class=\"elementor-spacer\">\n\t\t\t<div class=\"elementor-spacer-inner\"><\/div>\n\t\t<\/div>\n\t\t\t\t\t\t<\/div>\n\t\t\t\t<\/div>\n\t\t\t\t<div class=\"elementor-element elementor-element-baf6ad8 align-center elementor-widget elementor-widget-mae-headings\" data-id=\"baf6ad8\" data-element_type=\"widget\" data-widget_type=\"mae-headings.default\">\n\t\t\t\t<div class=\"elementor-widget-container\">\n\t\t\t\t\t\t\t<div class=\"master-heading\">\n\t        \t            <div class=\"pre-heading\">one artist for all the work<\/div>\n\t        \n\t        \t        <h2 class=\"main-heading\">We focus on the entire project process, from concept to completion.<\/h2>\n\t        \n\t        \n\t        \t            <div class=\"sub-heading\">Novi Glaj Zadar brings together a team with many years of work experience to deliver a complete service. One artist for all the work!<\/div>\n\t        \t    <\/div>\n\t    \t\t\t\t<\/div>\n\t\t\t\t<\/div>\n\t\t\t\t<div class=\"elementor-element elementor-element-013122f elementor-widget elementor-widget-spacer\" data-id=\"013122f\" data-element_type=\"widget\" data-widget_type=\"spacer.default\">\n\t\t\t\t<div class=\"elementor-widget-container\">\n\t\t\t\t\t\t\t<div class=\"elementor-spacer\">\n\t\t\t<div class=\"elementor-spacer-inner\"><\/div>\n\t\t<\/div>\n\t\t\t\t\t\t<\/div>\n\t\t\t\t<\/div>\n\t\t\t\t<section class=\"elementor-section elementor-inner-section elementor-element elementor-element-47bb749 elementor-section-boxed elementor-section-height-default elementor-section-height-default\" data-id=\"47bb749\" data-element_type=\"section\">\n\t\t\t\t\t\t<div class=\"elementor-container elementor-column-gap-default\">\n\t\t\t\t\t<div class=\"elementor-column elementor-col-100 elementor-inner-column elementor-element elementor-element-742e7be\" data-id=\"742e7be\" data-element_type=\"column\">\n\t\t\t<div class=\"elementor-widget-wrap elementor-element-populated\">\n\t\t\t\t\t\t<div class=\"elementor-element elementor-element-35d2c92 desc2 elementor-widget elementor-widget-mae-project-grid\" data-id=\"35d2c92\" data-element_type=\"widget\" data-widget_type=\"mae-project-grid.default\">\n\t\t\t\t<div class=\"elementor-widget-container\">\n\t\t\t\t\t\n        <div class=\"master-portfolio mlr-352006752\" data-config='{\"columns\":\"2,2,1,1\",\"gapHorizontal\":30,\"gapVertical\":30,\"layoutMode\":\"grid\"}'>\n            <div class=\"galleries cbp\">\n                                    \n                        <div class=\"master-project cbp-item sep-before style-1\">\n                            <div class=\"thumb\"><img fetchpriority=\"high\" decoding=\"async\" width=\"1600\" height=\"1200\" src=\"https:\/\/novisjajzadar.hr\/wp-content\/uploads\/2025\/05\/PHOTO-2025-05-14-12-04-284.jpg\" class=\"attachment-full size-full wp-post-image\" alt=\"\" srcset=\"https:\/\/novisjajzadar.hr\/wp-content\/uploads\/2025\/05\/PHOTO-2025-05-14-12-04-284.jpg 1600w, https:\/\/novisjajzadar.hr\/wp-content\/uploads\/2025\/05\/PHOTO-2025-05-14-12-04-284-300x225.jpg 300w, https:\/\/novisjajzadar.hr\/wp-content\/uploads\/2025\/05\/PHOTO-2025-05-14-12-04-284-1024x768.jpg 1024w, https:\/\/novisjajzadar.hr\/wp-content\/uploads\/2025\/05\/PHOTO-2025-05-14-12-04-284-768x576.jpg 768w, https:\/\/novisjajzadar.hr\/wp-content\/uploads\/2025\/05\/PHOTO-2025-05-14-12-04-284-1536x1152.jpg 1536w, https:\/\/novisjajzadar.hr\/wp-content\/uploads\/2025\/05\/PHOTO-2025-05-14-12-04-284-16x12.jpg 16w\" sizes=\"(max-width: 1600px) 100vw, 1600px\" \/><\/div><div class=\"content-wrap\"><div class=\"text-wrap\"><h3 class=\"headline-2\"><a href=\"https:\/\/novisjajzadar.hr\/en\/project\/kompletna-adaptacija-kuce\/\">A complete adaptation of the House<\/a><\/h3><div class=\"sep\"><\/div><div class=\"desc\"><div class=\"inner\"><h2><\/h2>\r\n&nbsp;\r\n\r\n<\/div><\/div><\/div>            <div class=\"url-wrap\">\n                <a class=\"master-link  icon-right\" href=\"https:\/\/novisjajzadar.hr\/en\/project\/kompletna-adaptacija-kuce\/\">\n                                        <span>Find out more about the project!<\/span>\n                    <span class=\"icon fa fa-arrow-right\"><\/span>                <\/a>\n            <\/div>\n\n            <\/div>                        <\/div>\n                    \n                        <div class=\"master-project cbp-item sep-before style-1\">\n                            <div class=\"thumb\"><img decoding=\"async\" width=\"2048\" height=\"1536\" src=\"https:\/\/novisjajzadar.hr\/wp-content\/uploads\/2025\/05\/PHOTO-2025-05-14-12-02-343.jpg\" class=\"attachment-full size-full wp-post-image\" alt=\"\" srcset=\"https:\/\/novisjajzadar.hr\/wp-content\/uploads\/2025\/05\/PHOTO-2025-05-14-12-02-343.jpg 2048w, https:\/\/novisjajzadar.hr\/wp-content\/uploads\/2025\/05\/PHOTO-2025-05-14-12-02-343-300x225.jpg 300w, https:\/\/novisjajzadar.hr\/wp-content\/uploads\/2025\/05\/PHOTO-2025-05-14-12-02-343-1024x768.jpg 1024w, https:\/\/novisjajzadar.hr\/wp-content\/uploads\/2025\/05\/PHOTO-2025-05-14-12-02-343-768x576.jpg 768w, https:\/\/novisjajzadar.hr\/wp-content\/uploads\/2025\/05\/PHOTO-2025-05-14-12-02-343-1536x1152.jpg 1536w, https:\/\/novisjajzadar.hr\/wp-content\/uploads\/2025\/05\/PHOTO-2025-05-14-12-02-343-16x12.jpg 16w\" sizes=\"(max-width: 2048px) 100vw, 2048px\" \/><\/div><div class=\"content-wrap\"><div class=\"text-wrap\"><h3 class=\"headline-2\"><a href=\"https:\/\/novisjajzadar.hr\/en\/project\/rekonstrukcija-okucnice-izrada-nove-konobe-i-bazena\/\">Reconstruction of the garden, construction of a new tavern and swimming pool<\/a><\/h3><div class=\"sep\"><\/div><div class=\"desc\"><div class=\"inner\"><h2><\/h2>\r\n&nbsp;\r\n\r\n<\/div><\/div><\/div>            <div class=\"url-wrap\">\n                <a class=\"master-link  icon-right\" href=\"https:\/\/novisjajzadar.hr\/en\/project\/rekonstrukcija-okucnice-izrada-nove-konobe-i-bazena\/\">\n                                        <span>Find out more about the project!<\/span>\n                    <span class=\"icon fa fa-arrow-right\"><\/span>                <\/a>\n            <\/div>\n\n            <\/div>                        <\/div>\n                    \n                        <div class=\"master-project cbp-item sep-before style-1\">\n                            <div class=\"thumb\"><img decoding=\"async\" width=\"1433\" height=\"1075\" src=\"https:\/\/novisjajzadar.hr\/wp-content\/uploads\/2023\/03\/9-2.jpg\" class=\"attachment-full size-full wp-post-image\" alt=\"\" srcset=\"https:\/\/novisjajzadar.hr\/wp-content\/uploads\/2023\/03\/9-2.jpg 1433w, https:\/\/novisjajzadar.hr\/wp-content\/uploads\/2023\/03\/9-2-300x225.jpg 300w, https:\/\/novisjajzadar.hr\/wp-content\/uploads\/2023\/03\/9-2-1024x768.jpg 1024w, https:\/\/novisjajzadar.hr\/wp-content\/uploads\/2023\/03\/9-2-768x576.jpg 768w, https:\/\/novisjajzadar.hr\/wp-content\/uploads\/2023\/03\/9-2-535x401.jpg 535w, https:\/\/novisjajzadar.hr\/wp-content\/uploads\/2023\/03\/9-2-600x450.jpg 600w\" sizes=\"(max-width: 1433px) 100vw, 1433px\" \/><\/div><div class=\"content-wrap\"><div class=\"text-wrap\"><h3 class=\"headline-2\"><a href=\"https:\/\/novisjajzadar.hr\/en\/project\/sanacija-starog-krovista-te-izrada-nove-termo-fasade\/\">Rehabilitation of the old roof and construction of a new thermal facade<\/a><\/h3><div class=\"sep\"><\/div><div class=\"desc\"><div class=\"inner\">&nbsp;\r\n\r\n&nbsp;\r\n\r\n<\/div><\/div><\/div>            <div class=\"url-wrap\">\n                <a class=\"master-link  icon-right\" href=\"https:\/\/novisjajzadar.hr\/en\/project\/sanacija-starog-krovista-te-izrada-nove-termo-fasade\/\">\n                                        <span>Find out more about the project!<\/span>\n                    <span class=\"icon fa fa-arrow-right\"><\/span>                <\/a>\n            <\/div>\n\n            <\/div>                        <\/div>\n                    \n                        <div class=\"master-project cbp-item sep-before style-1\">\n                            <div class=\"thumb\"><img loading=\"lazy\" decoding=\"async\" width=\"1600\" height=\"1200\" src=\"https:\/\/novisjajzadar.hr\/wp-content\/uploads\/2023\/03\/28.jpg\" class=\"attachment-full size-full wp-post-image\" alt=\"\" srcset=\"https:\/\/novisjajzadar.hr\/wp-content\/uploads\/2023\/03\/28.jpg 1600w, https:\/\/novisjajzadar.hr\/wp-content\/uploads\/2023\/03\/28-300x225.jpg 300w, https:\/\/novisjajzadar.hr\/wp-content\/uploads\/2023\/03\/28-1024x768.jpg 1024w, https:\/\/novisjajzadar.hr\/wp-content\/uploads\/2023\/03\/28-768x576.jpg 768w, https:\/\/novisjajzadar.hr\/wp-content\/uploads\/2023\/03\/28-1536x1152.jpg 1536w, https:\/\/novisjajzadar.hr\/wp-content\/uploads\/2023\/03\/28-535x401.jpg 535w, https:\/\/novisjajzadar.hr\/wp-content\/uploads\/2023\/03\/28-600x450.jpg 600w\" sizes=\"(max-width: 1600px) 100vw, 1600px\" \/><\/div><div class=\"content-wrap\"><div class=\"text-wrap\"><h3 class=\"headline-2\"><a href=\"https:\/\/novisjajzadar.hr\/en\/project\/adaptacija-obiteljske-kuce\/\">Adaptation of the family house<\/a><\/h3><div class=\"sep\"><\/div><div class=\"desc\"><div class=\"inner\">&nbsp;\r\n\r\n<\/div><\/div><\/div>            <div class=\"url-wrap\">\n                <a class=\"master-link  icon-right\" href=\"https:\/\/novisjajzadar.hr\/en\/project\/adaptacija-obiteljske-kuce\/\">\n                                        <span>Find out more about the project!<\/span>\n                    <span class=\"icon fa fa-arrow-right\"><\/span>                <\/a>\n            <\/div>\n\n            <\/div>                        <\/div>\n                    \n                        <div class=\"master-project cbp-item sep-before style-1\">\n                            <div class=\"thumb\"><img loading=\"lazy\" decoding=\"async\" width=\"1600\" height=\"1241\" src=\"https:\/\/novisjajzadar.hr\/wp-content\/uploads\/2023\/02\/IMG-20230203-WA0115.jpg\" class=\"attachment-full size-full wp-post-image\" alt=\"\" srcset=\"https:\/\/novisjajzadar.hr\/wp-content\/uploads\/2023\/02\/IMG-20230203-WA0115.jpg 1600w, https:\/\/novisjajzadar.hr\/wp-content\/uploads\/2023\/02\/IMG-20230203-WA0115-300x233.jpg 300w, https:\/\/novisjajzadar.hr\/wp-content\/uploads\/2023\/02\/IMG-20230203-WA0115-1024x794.jpg 1024w, https:\/\/novisjajzadar.hr\/wp-content\/uploads\/2023\/02\/IMG-20230203-WA0115-768x596.jpg 768w, https:\/\/novisjajzadar.hr\/wp-content\/uploads\/2023\/02\/IMG-20230203-WA0115-1536x1191.jpg 1536w, https:\/\/novisjajzadar.hr\/wp-content\/uploads\/2023\/02\/IMG-20230203-WA0115-535x415.jpg 535w\" sizes=\"(max-width: 1600px) 100vw, 1600px\" \/><\/div><div class=\"content-wrap\"><div class=\"text-wrap\"><h3 class=\"headline-2\"><a href=\"https:\/\/novisjajzadar.hr\/en\/project\/izrada-armirano-betonskog-bazena-i-fasade\/\">Construction of reinforced concrete pool and facade<\/a><\/h3><div class=\"sep\"><\/div><div class=\"desc\"><div class=\"inner\">&nbsp;\r\n\r\n<\/div><\/div><\/div>            <div class=\"url-wrap\">\n                <a class=\"master-link  icon-right\" href=\"https:\/\/novisjajzadar.hr\/en\/project\/izrada-armirano-betonskog-bazena-i-fasade\/\">\n                                        <span>Find out more about the project!<\/span>\n                    <span class=\"icon fa fa-arrow-right\"><\/span>                <\/a>\n            <\/div>\n\n            <\/div>                        <\/div>\n                    \n                        <div class=\"master-project cbp-item sep-before style-1\">\n                            <div class=\"thumb\"><img loading=\"lazy\" decoding=\"async\" width=\"1024\" height=\"768\" src=\"https:\/\/novisjajzadar.hr\/wp-content\/uploads\/2023\/02\/IMG-20230203-WA0029.jpg\" class=\"attachment-full size-full wp-post-image\" alt=\"\" srcset=\"https:\/\/novisjajzadar.hr\/wp-content\/uploads\/2023\/02\/IMG-20230203-WA0029.jpg 1024w, https:\/\/novisjajzadar.hr\/wp-content\/uploads\/2023\/02\/IMG-20230203-WA0029-300x225.jpg 300w, https:\/\/novisjajzadar.hr\/wp-content\/uploads\/2023\/02\/IMG-20230203-WA0029-768x576.jpg 768w, https:\/\/novisjajzadar.hr\/wp-content\/uploads\/2023\/02\/IMG-20230203-WA0029-535x401.jpg 535w\" sizes=\"(max-width: 1024px) 100vw, 1024px\" \/><\/div><div class=\"content-wrap\"><div class=\"text-wrap\"><h3 class=\"headline-2\"><a href=\"https:\/\/novisjajzadar.hr\/en\/project\/adaptacija-stana-u-neboderu\/\">Adaptation of the apartment in the skyscraper<\/a><\/h3><div class=\"sep\"><\/div><div class=\"desc\"><div class=\"inner\">&nbsp;\r\n\r\n<\/div><\/div><\/div>            <div class=\"url-wrap\">\n                <a class=\"master-link  icon-right\" href=\"https:\/\/novisjajzadar.hr\/en\/project\/adaptacija-stana-u-neboderu\/\">\n                                        <span>Find out more about the project!<\/span>\n                    <span class=\"icon fa fa-arrow-right\"><\/span>                <\/a>\n            <\/div>\n\n            <\/div>                        <\/div>\n                                <\/div><!-- galleries -->\n        <\/div><!-- master-portfolio -->\n        \t\t\t\t<\/div>\n\t\t\t\t<\/div>\n\t\t\t\t\t<\/div>\n\t\t<\/div>\n\t\t\t\t\t<\/div>\n\t\t<\/section>\n\t\t\t\t<div class=\"elementor-element elementor-element-41ee3d6 elementor-widget elementor-widget-spacer\" data-id=\"41ee3d6\" data-element_type=\"widget\" data-widget_type=\"spacer.default\">\n\t\t\t\t<div class=\"elementor-widget-container\">\n\t\t\t\t\t\t\t<div class=\"elementor-spacer\">\n\t\t\t<div class=\"elementor-spacer-inner\"><\/div>\n\t\t<\/div>\n\t\t\t\t\t\t<\/div>\n\t\t\t\t<\/div>\n\t\t\t\t\t<\/div>\n\t\t<\/div>\n\t\t\t\t\t<\/div>\n\t\t<\/section>\n\t\t\t\t<\/div>","protected":false},"excerpt":{"rendered":"<p>jedan izvo\u0111a\u010d za sve radove Usredoto\u010deni smo na cijeli proces projekta, od koncepta do zavr\u0161etka. Tvrtka Novi Sjaj Zadar objedinjuje tim s vi\u0161egodi\u0161njim radnim iskustvom kako bi isporu\u010dili kompletnu uslugu. Jedan izvo\u0111a\u010d za sve radove! Sanacija starog krovi\u0161ta te izrada nove termo fasade &nbsp; Saznaj vi\u0161e o<\/p>","protected":false},"author":1,"featured_media":0,"parent":0,"menu_order":0,"comment_status":"closed","ping_status":"closed","template":"","meta":{"footnotes":""},"class_list":["post-1243","page","type-page","status-publish","hentry"],"yoast_head":"<!-- This site is optimized with the Yoast SEO plugin v25.1 - https:\/\/yoast.com\/wordpress\/plugins\/seo\/ -->\n<title>Projekti - Novi Sjaj Zadar | Adaptacije<\/title>\n<meta name=\"description\" content=\"Uvjerite se sami u kvalitetu na\u0161ih radova. Adaptacije Zadar. Tim s vi\u0161egodi\u0161njim iskustvom. Novi Sjaj Zadar.\" \/>\n<meta name=\"robots\" content=\"index, follow, max-snippet:-1, max-image-preview:large, max-video-preview:-1\" \/>\n<link rel=\"canonical\" href=\"https:\/\/novisjajzadar.hr\/en\/projekti\/\" \/>\n<meta property=\"og:locale\" content=\"en_US\" \/>\n<meta property=\"og:type\" content=\"article\" \/>\n<meta property=\"og:title\" content=\"Projekti - Novi Sjaj Zadar | Adaptacije\" \/>\n<meta property=\"og:description\" content=\"Uvjerite se sami u kvalitetu na\u0161ih radova. Adaptacije Zadar. Tim s vi\u0161egodi\u0161njim iskustvom. Novi Sjaj Zadar.\" \/>\n<meta property=\"og:url\" content=\"https:\/\/novisjajzadar.hr\/en\/projekti\/\" \/>\n<meta property=\"og:site_name\" content=\"Novi Sjaj Zadar\" \/>\n<meta property=\"article:modified_time\" content=\"2025-05-15T11:54:46+00:00\" \/>\n<meta property=\"og:image\" content=\"https:\/\/novisjajzadar.hr\/wp-content\/uploads\/2023\/03\/9-2.jpg\" \/>\n<meta name=\"twitter:card\" content=\"summary_large_image\" \/>\n<meta name=\"twitter:label1\" content=\"Est. reading time\" \/>\n\t<meta name=\"twitter:data1\" content=\"2 minutes\" \/>\n<script type=\"application\/ld+json\" class=\"yoast-schema-graph\">{\"@context\":\"https:\/\/schema.org\",\"@graph\":[{\"@type\":\"WebPage\",\"@id\":\"https:\/\/novisjajzadar.hr\/projekti\/\",\"url\":\"https:\/\/novisjajzadar.hr\/projekti\/\",\"name\":\"Projekti - Novi Sjaj Zadar | Adaptacije\",\"isPartOf\":{\"@id\":\"https:\/\/novisjajzadar.hr\/#website\"},\"primaryImageOfPage\":{\"@id\":\"https:\/\/novisjajzadar.hr\/projekti\/#primaryimage\"},\"image\":{\"@id\":\"https:\/\/novisjajzadar.hr\/projekti\/#primaryimage\"},\"thumbnailUrl\":\"https:\/\/novisjajzadar.hr\/wp-content\/uploads\/2023\/03\/9-2.jpg\",\"datePublished\":\"2020-08-21T05:37:21+00:00\",\"dateModified\":\"2025-05-15T11:54:46+00:00\",\"description\":\"Uvjerite se sami u kvalitetu na\u0161ih radova. Adaptacije Zadar. Tim s vi\u0161egodi\u0161njim iskustvom. Novi Sjaj Zadar.\",\"breadcrumb\":{\"@id\":\"https:\/\/novisjajzadar.hr\/projekti\/#breadcrumb\"},\"inLanguage\":\"en-US\",\"potentialAction\":[{\"@type\":\"ReadAction\",\"target\":[\"https:\/\/novisjajzadar.hr\/projekti\/\"]}]},{\"@type\":\"ImageObject\",\"inLanguage\":\"en-US\",\"@id\":\"https:\/\/novisjajzadar.hr\/projekti\/#primaryimage\",\"url\":\"https:\/\/novisjajzadar.hr\/wp-content\/uploads\/2023\/03\/9-2.jpg\",\"contentUrl\":\"https:\/\/novisjajzadar.hr\/wp-content\/uploads\/2023\/03\/9-2.jpg\"},{\"@type\":\"BreadcrumbList\",\"@id\":\"https:\/\/novisjajzadar.hr\/projekti\/#breadcrumb\",\"itemListElement\":[{\"@type\":\"ListItem\",\"position\":1,\"name\":\"Home\",\"item\":\"https:\/\/novisjajzadar.hr\/\"},{\"@type\":\"ListItem\",\"position\":2,\"name\":\"Projekti\"}]},{\"@type\":\"WebSite\",\"@id\":\"https:\/\/novisjajzadar.hr\/#website\",\"url\":\"https:\/\/novisjajzadar.hr\/\",\"name\":\"Novi Sjaj Zadar - Adaptacije | Jedan izvo\u0111a\u010d za sve radove\",\"description\":\"Adaptacije | Jedan izvo\u0111a\u010d za sve radove\",\"publisher\":{\"@id\":\"https:\/\/novisjajzadar.hr\/#organization\"},\"potentialAction\":[{\"@type\":\"SearchAction\",\"target\":{\"@type\":\"EntryPoint\",\"urlTemplate\":\"https:\/\/novisjajzadar.hr\/?s={search_term_string}\"},\"query-input\":{\"@type\":\"PropertyValueSpecification\",\"valueRequired\":true,\"valueName\":\"search_term_string\"}}],\"inLanguage\":\"en-US\"},{\"@type\":\"Organization\",\"@id\":\"https:\/\/novisjajzadar.hr\/#organization\",\"name\":\"Novi Sjaj Zadar - Adaptacije | Jedan izvo\u0111a\u010d za sve radove\",\"url\":\"https:\/\/novisjajzadar.hr\/\",\"logo\":{\"@type\":\"ImageObject\",\"inLanguage\":\"en-US\",\"@id\":\"https:\/\/novisjajzadar.hr\/#\/schema\/logo\/image\/\",\"url\":\"\",\"contentUrl\":\"\",\"caption\":\"Novi Sjaj Zadar - Adaptacije | Jedan izvo\u0111a\u010d za sve radove\"},\"image\":{\"@id\":\"https:\/\/novisjajzadar.hr\/#\/schema\/logo\/image\/\"}}]}<\/script>\n<!-- \/ Yoast SEO plugin. -->","yoast_head_json":{"title":"Projekti - Novi Sjaj Zadar | Adaptacije","description":"Uvjerite se sami u kvalitetu na\u0161ih radova. Adaptacije Zadar. Tim s vi\u0161egodi\u0161njim iskustvom. Novi Sjaj Zadar.","robots":{"index":"index","follow":"follow","max-snippet":"max-snippet:-1","max-image-preview":"max-image-preview:large","max-video-preview":"max-video-preview:-1"},"canonical":"https:\/\/novisjajzadar.hr\/en\/projekti\/","og_locale":"en_US","og_type":"article","og_title":"Projekti - Novi Sjaj Zadar | Adaptacije","og_description":"Uvjerite se sami u kvalitetu na\u0161ih radova. Adaptacije Zadar. Tim s vi\u0161egodi\u0161njim iskustvom. Novi Sjaj Zadar.","og_url":"https:\/\/novisjajzadar.hr\/en\/projekti\/","og_site_name":"Novi Sjaj Zadar","article_modified_time":"2025-05-15T11:54:46+00:00","og_image":[{"url":"https:\/\/novisjajzadar.hr\/wp-content\/uploads\/2023\/03\/9-2.jpg","type":"","width":"","height":""}],"twitter_card":"summary_large_image","twitter_misc":{"Est. reading time":"2 minutes"},"schema":{"@context":"https:\/\/schema.org","@graph":[{"@type":"WebPage","@id":"https:\/\/novisjajzadar.hr\/projekti\/","url":"https:\/\/novisjajzadar.hr\/projekti\/","name":"Projekti - Novi Sjaj Zadar | Adaptacije","isPartOf":{"@id":"https:\/\/novisjajzadar.hr\/#website"},"primaryImageOfPage":{"@id":"https:\/\/novisjajzadar.hr\/projekti\/#primaryimage"},"image":{"@id":"https:\/\/novisjajzadar.hr\/projekti\/#primaryimage"},"thumbnailUrl":"https:\/\/novisjajzadar.hr\/wp-content\/uploads\/2023\/03\/9-2.jpg","datePublished":"2020-08-21T05:37:21+00:00","dateModified":"2025-05-15T11:54:46+00:00","description":"Uvjerite se sami u kvalitetu na\u0161ih radova. Adaptacije Zadar. Tim s vi\u0161egodi\u0161njim iskustvom. Novi Sjaj Zadar.","breadcrumb":{"@id":"https:\/\/novisjajzadar.hr\/projekti\/#breadcrumb"},"inLanguage":"en-US","potentialAction":[{"@type":"ReadAction","target":["https:\/\/novisjajzadar.hr\/projekti\/"]}]},{"@type":"ImageObject","inLanguage":"en-US","@id":"https:\/\/novisjajzadar.hr\/projekti\/#primaryimage","url":"https:\/\/novisjajzadar.hr\/wp-content\/uploads\/2023\/03\/9-2.jpg","contentUrl":"https:\/\/novisjajzadar.hr\/wp-content\/uploads\/2023\/03\/9-2.jpg"},{"@type":"BreadcrumbList","@id":"https:\/\/novisjajzadar.hr\/projekti\/#breadcrumb","itemListElement":[{"@type":"ListItem","position":1,"name":"Home","item":"https:\/\/novisjajzadar.hr\/"},{"@type":"ListItem","position":2,"name":"Projekti"}]},{"@type":"WebSite","@id":"https:\/\/novisjajzadar.hr\/#website","url":"https:\/\/novisjajzadar.hr\/","name":"Novi Sjaj Zadar - Adaptacije | Jedan izvo\u0111a\u010d za sve radove","description":"Adaptacije | Jedan izvo\u0111a\u010d za sve radove","publisher":{"@id":"https:\/\/novisjajzadar.hr\/#organization"},"potentialAction":[{"@type":"SearchAction","target":{"@type":"EntryPoint","urlTemplate":"https:\/\/novisjajzadar.hr\/?s={search_term_string}"},"query-input":{"@type":"PropertyValueSpecification","valueRequired":true,"valueName":"search_term_string"}}],"inLanguage":"en-US"},{"@type":"Organization","@id":"https:\/\/novisjajzadar.hr\/#organization","name":"Novi Sjaj Zadar - Adaptacije | Jedan izvo\u0111a\u010d za sve radove","url":"https:\/\/novisjajzadar.hr\/","logo":{"@type":"ImageObject","inLanguage":"en-US","@id":"https:\/\/novisjajzadar.hr\/#\/schema\/logo\/image\/","url":"","contentUrl":"","caption":"Novi Sjaj Zadar - Adaptacije | Jedan izvo\u0111a\u010d za sve radove"},"image":{"@id":"https:\/\/novisjajzadar.hr\/#\/schema\/logo\/image\/"}}]}},"_links":{"self":[{"href":"https:\/\/novisjajzadar.hr\/en\/wp-json\/wp\/v2\/pages\/1243","targetHints":{"allow":["GET"]}}],"collection":[{"href":"https:\/\/novisjajzadar.hr\/en\/wp-json\/wp\/v2\/pages"}],"about":[{"href":"https:\/\/novisjajzadar.hr\/en\/wp-json\/wp\/v2\/types\/page"}],"author":[{"embeddable":true,"href":"https:\/\/novisjajzadar.hr\/en\/wp-json\/wp\/v2\/users\/1"}],"replies":[{"embeddable":true,"href":"https:\/\/novisjajzadar.hr\/en\/wp-json\/wp\/v2\/comments?post=1243"}],"version-history":[{"count":27,"href":"https:\/\/novisjajzadar.hr\/en\/wp-json\/wp\/v2\/pages\/1243\/revisions"}],"predecessor-version":[{"id":3089,"href":"https:\/\/novisjajzadar.hr\/en\/wp-json\/wp\/v2\/pages\/1243\/revisions\/3089"}],"wp:attachment":[{"href":"https:\/\/novisjajzadar.hr\/en\/wp-json\/wp\/v2\/media?parent=1243"}],"curies":[{"name":"wp","href":"https:\/\/api.w.org\/{rel}","templated":true}]}}